{"id":2721,"date":"2025-11-20T20:56:50","date_gmt":"2025-11-20T20:56:50","guid":{"rendered":"https:\/\/granddivers.sk\/2026-dates\/"},"modified":"2026-03-05T09:49:29","modified_gmt":"2026-03-05T09:49:29","slug":"2026-dates","status":"publish","type":"page","link":"https:\/\/granddivers.sk\/en\/liveaboard-red-sea\/2026-dates\/","title":{"rendered":"2026 Safari Dates and Routes"},"content":{"rendered":"<div class=\"wpb-content-wrapper\"><p>[vc_row][vc_column]<figure class=\"sc_image  sc_image_shape_square\" style=\"width:100%;\"><img decoding=\"async\" src=\"https:\/\/granddivers.sk\/wp-content\/uploads\/2025\/11\/569507601_10236505434354717_6702158896667191405_n-e1765625806166.jpg\" alt=\"\" \/><\/figure>[\/vc_column][\/vc_row][vc_row gap=&#8221;35&#8243;][vc_column][vc_column_text css=&#8221;&#8221;]<\/p>\n<h1>2026 Liveaboard Dates and Routes<\/h1>\n<h2><\/h2>\n<p>[\/vc_column_text][vc_row_inner gap=&#8221;35&#8243;][vc_column_inner][vc_column_text css=&#8221;&#8221;]Our<strong> liveaboard <\/strong>expeditions will take you to the most beautiful and remote diving<strong> locations in the Red Sea.<\/strong> In the overview below, you&#8217;ll find <strong>current dates<\/strong> and <strong>prices for each safari<\/strong>, so you can easily choose the <strong>route and date<\/strong> that suits you best. Prices are set <strong>transparently <\/strong>\u2013 <strong>with no hidden fees or unpleasant surprises.<\/strong>  <\/p>\n<p>You can find the table detailing what is and isn&#8217;t included in the price below the dates \u2013 at the bottom of the page.[\/vc_column_text][\/vc_column_inner][\/vc_row_inner][vc_row_inner gap=&#8221;35&#8243;][vc_column_inner][\/vc_column_inner][\/vc_row_inner][\/vc_column][\/vc_row][vc_row gap=&#8221;35&#8243;][vc_column][vc_column_text css=&#8221;&#8221;]<strong>HOW TO READ THE OFFERS IN THE CARDS BELOW:<\/strong>[\/vc_column_text][vc_row_inner gap=&#8221;20&#8243;][vc_column_inner][\/vc_column_inner][\/vc_row_inner][vc_column_text css=&#8221;&#8221;]\n<table id=\"tablepress-13\" class=\"tablepress tablepress-id-13 custom-table\">\n<tbody>\n<tr class=\"row-1\">\n\t<td class=\"column-1\"><h2>TERM\u00cdN<\/h2><br \/>\n<br \/>\nStart \/ Stop<h3>CENA<\/h3><br \/>\nhlavn\u00e9 lokality liveaboard tripu<br \/>\n<\/td><td class=\"column-2\"><\/td><td class=\"column-3\"><\/td>\n<\/tr>\n<\/tbody>\n<\/table>\n[\/vc_column_text][vc_row_inner gap=&#8221;35&#8243;][vc_column_inner][\/vc_column_inner][\/vc_row_inner][vc_column_text css=&#8221;&#8221;]<\/p>\n<h2>March 2026<\/h2>\n<p>[\/vc_column_text][vc_row_inner gap=&#8221;35&#8243;][vc_column_inner][\/vc_column_inner][\/vc_row_inner][vc_column_text css=&#8221;&#8221;][table \u201c14\u201d not found \/]<br \/>\n[\/vc_column_text][\/vc_column][\/vc_row][vc_row gap=&#8221;35&#8243;][vc_column][vc_column_text css=&#8221;&#8221;]<\/p>\n<h2>April 2026<\/h2>\n<p>[\/vc_column_text][vc_row_inner gap=&#8221;35&#8243;][vc_column_inner][\/vc_column_inner][\/vc_row_inner][vc_column_text css=&#8221;&#8221;]\n<table id=\"tablepress-15\" class=\"tablepress tablepress-id-15 custom-table\">\n<tbody>\n<tr class=\"row-1\">\n\t<td class=\"column-1\"><h2>02.04. - 09.04.<\/h2><br \/>\n<br \/>\nHurghada \/ Hurghada<h3>1150\u20ac<\/h3><br \/>\ntrasa Sever a Dahab<br \/>\n<\/td><td class=\"column-2\"><h2>09.04. - 16.04.<\/h2><br \/>\n<br \/>\nHurghada \/ Hurghada<h3>1150\u20ac<\/h3><br \/>\ntrasa Sever a Brothers<\/td>\n<\/tr>\n<\/tbody>\n<\/table>\n[\/vc_column_text][\/vc_column][\/vc_row][vc_row gap=&#8221;35&#8243;][vc_column][vc_column_text css=&#8221;&#8221;]<\/p>\n<h2>May 2026<\/h2>\n<p>[\/vc_column_text][vc_row_inner gap=&#8221;35&#8243;][vc_column_inner][\/vc_column_inner][\/vc_row_inner][vc_column_text css=&#8221;&#8221;]\n<table id=\"tablepress-16\" class=\"tablepress tablepress-id-16 custom-table\">\n<tbody>\n<tr class=\"row-1\">\n\t<td class=\"column-1\"><h2>10.05. - 17.05.<\/h2><br \/>\n<br \/>\nHurghada \/ Hurghada<h3>1150\u20ac<\/h3><br \/>\ntrasa Sever a Brothers<br \/>\n<\/td><td class=\"column-2\"><h2>24.05. - 31.05.<\/h2><br \/>\n<br \/>\nHurghada \/ Hurghada<h3>1150\u20ac<\/h3><br \/>\ntrasa Sever a Dahab<br \/>\n<\/td><td class=\"column-3\"><h2>31.05. - 07.06.<\/h2><br \/>\n<br \/>\nHurghada \/ Hurghada<h3>1250\u20ac<br \/>\nFULL<\/h3><br \/>\ntrasa Brothers, Deadalos, Elphinstone<\/td>\n<\/tr>\n<\/tbody>\n<\/table>\n[\/vc_column_text][\/vc_column][\/vc_row][vc_row gap=&#8221;35&#8243;][vc_column][vc_column_text css=&#8221;&#8221;]<\/p>\n<h2>June 2026<\/h2>\n<p>[\/vc_column_text][vc_row_inner gap=&#8221;35&#8243;][vc_column_inner][\/vc_column_inner][\/vc_row_inner][vc_column_text css=&#8221;&#8221;]\n<table id=\"tablepress-17\" class=\"tablepress tablepress-id-17 custom-table\">\n<tbody>\n<tr class=\"row-1\">\n\t<td class=\"column-1\"><h2>21.06. - 28.06.<\/h2><br \/>\n<br \/>\nHurghada \/ Hurghada<h3>1150\u20ac<\/h3><br \/>\ntrasa Sever a Dahab<\/td><td class=\"column-2\"><h2>28.06. - 05.07.<\/h2><br \/>\n<br \/>\nHurghada \/ Hurghada<h3>1250\u20ac<\/h3><br \/>\ntrasa Brothers, Daedalos, Elphinstone<br \/>\n<\/td>\n<\/tr>\n<\/tbody>\n<\/table>\n[\/vc_column_text][\/vc_column][\/vc_row][vc_row gap=&#8221;35&#8243;][vc_column][vc_column_text css=&#8221;&#8221;]<\/p>\n<h2>July 2026<\/h2>\n<p>[\/vc_column_text][vc_row_inner gap=&#8221;35&#8243;][vc_column_inner][\/vc_column_inner][\/vc_row_inner][vc_column_text css=&#8221;&#8221;]\n<table id=\"tablepress-18\" class=\"tablepress tablepress-id-18 custom-table\">\n<tbody>\n<tr class=\"row-1\">\n\t<td class=\"column-1\"><h2>30.07. - 06.08.<\/h2><br \/>\n<br \/>\nHurghada \/ Hurghada<h3>1150\u20ac<\/h3><br \/>\ntrasa Sever a Brothers<\/td>\n<\/tr>\n<\/tbody>\n<\/table>\n[\/vc_column_text][\/vc_column][\/vc_row][vc_row gap=&#8221;35&#8243;][vc_column][vc_column_text css=&#8221;&#8221;]<\/p>\n<h2>August 2026<\/h2>\n<p>[\/vc_column_text][vc_row_inner gap=&#8221;35&#8243;][vc_column_inner][\/vc_column_inner][\/vc_row_inner][vc_column_text css=&#8221;&#8221;]\n<table id=\"tablepress-19\" class=\"tablepress tablepress-id-19 custom-table\">\n<tbody>\n<tr class=\"row-1\">\n\t<td class=\"column-1\"><h2>06.08. - 13.08.<\/h2><br \/>\n<br \/>\nHurghada \/ Hurghada<h3>1250\u20ac<\/h3><br \/>\ntrasa Brothers, Daedalos, Elphinstone<\/td><td class=\"column-2\"><h2>13.08. - 19.08.<\/h2><br \/>\n<br \/>\nHurghada \/ Hurghada<h3>1250\u20ac<\/h3><br \/>\ntrasa Brothers, Daedalos, Elphinstone<\/td><td class=\"column-3\"><h2>27.08. - 03.09.<\/h2><br \/>\n<br \/>\nHurghada \/ Hurghada<h3>1150\u20ac<\/h3><br \/>\ntrasa Sever a Dahab<\/td>\n<\/tr>\n<\/tbody>\n<\/table>\n[\/vc_column_text][\/vc_column][\/vc_row][vc_row gap=&#8221;35&#8243;][vc_column][vc_column_text css=&#8221;&#8221;]<\/p>\n<h2>September 2026<\/h2>\n<p>[\/vc_column_text][vc_row_inner gap=&#8221;35&#8243;][vc_column_inner][\/vc_column_inner][\/vc_row_inner][vc_column_text css=&#8221;&#8221;]\n<table id=\"tablepress-20\" class=\"tablepress tablepress-id-20 custom-table\">\n<tbody>\n<tr class=\"row-1\">\n\t<td class=\"column-1\"><h2>10.09. - 17.09.<\/h2><br \/>\n<br \/>\nHurghada \/ Hurghada<h3>1210\u20ac<\/h3><br \/>\ntrasa Sever a Brothers<\/td><td class=\"column-2\"><h2>17.09. - 24.09.<\/h2><br \/>\n<br \/>\nHurghada \/ Hurghada<h3>1315\u20ac<\/h3><br \/>\ntrasa Daedalos, Rocky, Zabargad<\/td>\n<\/tr>\n<\/tbody>\n<\/table>\n[\/vc_column_text][vc_row_inner gap=&#8221;35&#8243;][vc_column_inner][\/vc_column_inner][\/vc_row_inner][vc_row_inner gap=&#8221;35&#8243;][vc_column_inner][\/vc_column_inner][\/vc_row_inner][\/vc_column][\/vc_row][vc_row][vc_column][vc_column_text css=&#8221;&#8221;]\n<table id=\"tablepress-2\" class=\"tablepress tablepress-id-2 booking-table\">\n<thead>\n<tr class=\"row-1\">\n\t<th class=\"column-1\">V cene je zahrnut\u00e9<\/th><th class=\"column-2\">V cene nie je zahrnut\u00e9<\/th>\n<\/tr>\n<\/thead>\n<tbody class=\"row-striping row-hover\">\n<tr class=\"row-2\">\n\t<td class=\"column-1\">transfer z a na letisko<\/td><td class=\"column-2\">letenka, cestovn\u00e9 a pot\u00e1pa\u010dsk\u00e9 poistenie<\/td>\n<\/tr>\n<tr class=\"row-3\">\n\t<td class=\"column-1\">dive guide<\/td><td class=\"column-2\">Egyptsk\u00e9 v\u00edza 25\u20ac<\/td>\n<\/tr>\n<tr class=\"row-4\">\n\t<td class=\"column-1\">7 noc\u00ed v dvojl\u00f4\u017ekovej kajute<\/td><td class=\"column-2\">poplatky za n\u00e1rodn\u00e9 parky 200 - 320\u20ac pod\u013ea trasy, \u00fahrada v hotovosti na lodi<\/td>\n<\/tr>\n<tr class=\"row-5\">\n\t<td class=\"column-1\">3 jedl\u00e1 denne, pochutiny a nealko n\u00e1poje<\/td><td class=\"column-2\">po\u017ei\u010danie v\u00fdstroja a extra v\u00fdbavy<\/td>\n<\/tr>\n<tr class=\"row-6\">\n\t<td class=\"column-1\">6 dn\u00ed pot\u00e1pania, 3-4 denne prv\u00fd a posledn\u00fd de\u0148 2 ponory<\/td><td class=\"column-2\">tip pre pos\u00e1dku, odpor\u00fa\u010dan\u00e9 80\u20ac\/osoba v hotovosti na konci tripu<\/td>\n<\/tr>\n<tr class=\"row-7\">\n\t<td class=\"column-1\">12L f\u013ea\u0161a vzduch, opasok, z\u00e1va\u017eie<\/td><td class=\"column-2\">alkohol (pivo, v\u00edno) a barista k\u00e1va<\/td>\n<\/tr>\n<\/tbody>\n<\/table>\n[\/vc_column_text][vc_row_inner gap=&#8221;35&#8243;][vc_column_inner][\/vc_column_inner][\/vc_row_inner][vc_row_inner gap=&#8221;35&#8243;][vc_column_inner][\/vc_column_inner][\/vc_row_inner][vc_separator border_width=&#8221;2&#8243; css=&#8221;&#8221;][vc_row_inner gap=&#8221;35&#8243;][vc_column_inner][\/vc_column_inner][\/vc_row_inner][\/vc_column][\/vc_row][vc_row el_id=&#8221;book&#8221;][vc_column width=&#8221;1\/2&#8243;][vc_column_text css=&#8221;&#8221;]<strong>Have you chosen a date? Or do you have any questions? Let us know, send us an email:  <\/strong>[\/vc_column_text][vc_row_inner gap=&#8221;20&#8243;][vc_column_inner][\/vc_column_inner][\/vc_row_inner]\n<div class=\"wpcf7 no-js\" id=\"wpcf7-f2703-o1\" lang=\"en-US\" dir=\"ltr\" data-wpcf7-id=\"2703\">\n<div class=\"screen-reader-response\"><p role=\"status\" aria-live=\"polite\" aria-atomic=\"true\"><\/p> <ul><\/ul><\/div>\n<form action=\"\/en\/wp-json\/wp\/v2\/pages\/2721#wpcf7-f2703-o1\" method=\"post\" class=\"wpcf7-form init\" aria-label=\"Contact form\" novalidate=\"novalidate\" data-status=\"init\">\n<fieldset class=\"hidden-fields-container\"><input type=\"hidden\" name=\"_wpcf7\" value=\"2703\" \/><input type=\"hidden\" name=\"_wpcf7_version\" value=\"6.1.4\" \/><input type=\"hidden\" name=\"_wpcf7_locale\" value=\"en_US\" \/><input type=\"hidden\" name=\"_wpcf7_unit_tag\" value=\"wpcf7-f2703-o1\" \/><input type=\"hidden\" name=\"_wpcf7_container_post\" value=\"0\" \/><input type=\"hidden\" name=\"_wpcf7_posted_data_hash\" value=\"\" \/><input type=\"hidden\" name=\"_wpcf7_recaptcha_response\" value=\"\" \/>\n<\/fieldset>\n<div class=\"flex\">\n<div class=\"itm row\"><span class=\"wpcf7-form-control-wrap\" data-name=\"your-name\"><input size=\"40\" maxlength=\"400\" class=\"wpcf7-form-control wpcf7-text wpcf7-validates-as-required\" aria-required=\"true\" aria-invalid=\"false\" placeholder=\"Name*\" value=\"\" type=\"text\" name=\"your-name\" \/><\/span><\/div> \n<div class=\"itm row\"><span class=\"wpcf7-form-control-wrap\" data-name=\"your-email\"><input size=\"40\" maxlength=\"400\" class=\"wpcf7-form-control wpcf7-email wpcf7-validates-as-required wpcf7-text wpcf7-validates-as-email\" aria-required=\"true\" aria-invalid=\"false\" placeholder=\"Email*\" value=\"\" type=\"email\" name=\"your-email\" \/><\/span><\/div>\n<div class=\"itm row\"><span class=\"wpcf7-form-control-wrap\" data-name=\"select-164\"><select class=\"wpcf7-form-control wpcf7-select wpcf7-validates-as-required\" aria-required=\"true\" aria-invalid=\"false\" name=\"select-164\"><option value=\"21.02. - 28. 02.\">21.02. - 28. 02.<\/option><option value=\"12. - 19. 03.\">12. - 19. 03.<\/option><option value=\"19. - 26. 03.\">19. - 26. 03.<\/option><option value=\"02.04. - 09.04.\">02.04. - 09.04.<\/option><option value=\"09.04. - 16.04.\">09.04. - 16.04.<\/option><option value=\"10.05. - 16.05.\">10.05. - 16.05.<\/option><option value=\"24.05. - 31.05.\">24.05. - 31.05.<\/option><option value=\"31.05. - 07.06.\">31.05. - 07.06.<\/option><option value=\"21.06. - 28.06.\">21.06. - 28.06.<\/option><option value=\"28.06. - 05.07.\">28.06. - 05.07.<\/option><option value=\"30.07. - 06.08.\">30.07. - 06.08.<\/option><option value=\"06.08. - 13.08.\">06.08. - 13.08.<\/option><option value=\"13.08. - 20.08.\">13.08. - 20.08.<\/option><option value=\"20.08. - 27.08.\">20.08. - 27.08.<\/option><option value=\"27.08. - 03.09.\">27.08. - 03.09.<\/option><option value=\"10.09.               - 17.09.\">10.09.               - 17.09.<\/option><option value=\"17.09. - 24.09.\">17.09. - 24.09.<\/option><\/select><\/span>\n<\/div><\/div>\n<div class=\"\"><span class=\"wpcf7-form-control-wrap\" data-name=\"your-message\"><textarea cols=\"40\" rows=\"10\" maxlength=\"2000\" class=\"wpcf7-form-control wpcf7-textarea wpcf7-validates-as-required\" aria-required=\"true\" aria-invalid=\"false\" placeholder=\"Message*\" name=\"your-message\"><\/textarea><\/span><\/div>\n<div><span class=\"wpcf7-form-control-wrap\" data-name=\"acceptance-150\"><span class=\"wpcf7-form-control wpcf7-acceptance\"><span class=\"wpcf7-list-item\"><label><input type=\"checkbox\" name=\"acceptance-150\" value=\"1\" aria-invalid=\"false\" \/><span class=\"wpcf7-list-item-label\">I agree to the processing and storage of data.<\/span><\/label><\/span><\/span><\/span><\/div> \n<span id=\"wpcf7-69da1d7da0d14-wrapper\" class=\"wpcf7-form-control-wrap honeypot-777-wrap\" style=\"display:none !important; visibility:hidden !important;\"><input type=\"hidden\" name=\"honeypot-777-time-start\" value=\"1775902077\"><input type=\"hidden\" name=\"honeypot-777-time-check\" value=\"5\"><label for=\"wpcf7-69da1d7da0d14-field\" class=\"hp-message\">Please leave this field empty.<\/label><input id=\"wpcf7-69da1d7da0d14-field\"  placeholder=\"what do you like to eat\"  class=\"wpcf7-form-control wpcf7-text\" type=\"text\" name=\"honeypot-777\" value=\"\" size=\"40\" tabindex=\"-1\" autocomplete=\"new-password\" \/><\/span>\n<div class=\"sc_form_field sc_form_field_button sc_form_field_submit\"><input class=\"wpcf7-form-control wpcf7-submit has-spinner\" type=\"submit\" value=\"Send message\" \/><\/div><div class=\"wpcf7-response-output\" aria-hidden=\"true\"><\/div>\n<\/form>\n<\/div>\n[\/vc_column][vc_column width=&#8221;1\/2&#8243;][vc_gallery interval=&#8221;3&#8243; images=&#8221;2949,3252,3250,3239,3211,3209,3222&#8243; img_size=&#8221;560&#215;560&#8243; css=&#8221;&#8221;][\/vc_column][\/vc_row]<\/p>\n<\/div>","protected":false},"excerpt":{"rendered":"<p>[vc_row][vc_column][\/vc_column][\/vc_row][vc_row gap=&#8221;35&#8243;][vc_column][vc_column_text css=&#8221;&#8221;] 2026 Liveaboard Dates and Routes [\/vc_column_text][vc_row_inner gap=&#8221;35&#8243;][vc_column_inner][vc_column_text css=&#8221;&#8221;]Our liveaboard expeditions will take you to the most beautiful and remote diving locations in the Red Sea. In the [&hellip;]<\/p>\n","protected":false},"author":4,"featured_media":0,"parent":2722,"menu_order":0,"comment_status":"closed","ping_status":"closed","template":"","meta":{"footnotes":""},"class_list":["post-2721","page","type-page","status-publish","hentry"],"yoast_head":"<!-- This site is optimized with the Yoast SEO plugin v26.6 - https:\/\/yoast.com\/wordpress\/plugins\/seo\/ -->\n<title>2026 Safari Dates and Routes &#8212; GRAND DIVERS<\/title>\n<meta name=\"description\" content=\"Pick your date and liveaboard route in Egypt for 2026 and enjoy the Red Sea to the fullest with us! We depart from Hurghada or Port Ghalib\" \/>\n<meta name=\"robots\" content=\"index, follow, max-snippet:-1, max-image-preview:large, max-video-preview:-1\" \/>\n<link rel=\"canonical\" href=\"https:\/\/granddivers.sk\/en\/liveaboard-red-sea\/2026-dates\/\" \/>\n<meta property=\"og:locale\" content=\"en_US\" \/>\n<meta property=\"og:type\" content=\"article\" \/>\n<meta property=\"og:title\" content=\"2026 Safari Dates and Routes &#8212; GRAND DIVERS\" \/>\n<meta property=\"og:description\" content=\"Pick your date and liveaboard route in Egypt for 2026 and enjoy the Red Sea to the fullest with us! We depart from Hurghada or Port Ghalib\" \/>\n<meta property=\"og:url\" content=\"https:\/\/granddivers.sk\/en\/liveaboard-red-sea\/2026-dates\/\" \/>\n<meta property=\"og:site_name\" content=\"GRAND DIVERS\" \/>\n<meta property=\"article:publisher\" content=\"https:\/\/www.facebook.com\/GrandDivers1\" \/>\n<meta property=\"article:modified_time\" content=\"2026-03-05T09:49:29+00:00\" \/>\n<meta property=\"og:image\" content=\"https:\/\/granddivers.sk\/wp-content\/uploads\/2025\/12\/grand-DIVERS-web.png\" \/>\n\t<meta property=\"og:image:width\" content=\"612\" \/>\n\t<meta property=\"og:image:height\" content=\"437\" \/>\n\t<meta property=\"og:image:type\" content=\"image\/png\" \/>\n<meta name=\"twitter:card\" content=\"summary_large_image\" \/>\n<meta name=\"twitter:label1\" content=\"Est. reading time\" \/>\n\t<meta name=\"twitter:data1\" content=\"3 minutes\" \/>\n<script type=\"application\/ld+json\" class=\"yoast-schema-graph\">{\"@context\":\"https:\/\/schema.org\",\"@graph\":[{\"@type\":\"WebPage\",\"@id\":\"https:\/\/granddivers.sk\/en\/liveaboard-red-sea\/2026-dates\/\",\"url\":\"https:\/\/granddivers.sk\/en\/liveaboard-red-sea\/2026-dates\/\",\"name\":\"2026 Safari Dates and Routes &#8212; GRAND DIVERS\",\"isPartOf\":{\"@id\":\"https:\/\/granddivers.sk\/en\/#website\"},\"datePublished\":\"2025-11-20T20:56:50+00:00\",\"dateModified\":\"2026-03-05T09:49:29+00:00\",\"description\":\"Pick your date and liveaboard route in Egypt for 2026 and enjoy the Red Sea to the fullest with us! We depart from Hurghada or Port Ghalib\",\"breadcrumb\":{\"@id\":\"https:\/\/granddivers.sk\/en\/liveaboard-red-sea\/2026-dates\/#breadcrumb\"},\"inLanguage\":\"en-US\",\"potentialAction\":[{\"@type\":\"ReadAction\",\"target\":[\"https:\/\/granddivers.sk\/en\/liveaboard-red-sea\/2026-dates\/\"]}]},{\"@type\":\"BreadcrumbList\",\"@id\":\"https:\/\/granddivers.sk\/en\/liveaboard-red-sea\/2026-dates\/#breadcrumb\",\"itemListElement\":[{\"@type\":\"ListItem\",\"position\":1,\"name\":\"Domovsk\u00e1 str\u00e1nka\",\"item\":\"https:\/\/granddivers.sk\/en\/\"},{\"@type\":\"ListItem\",\"position\":2,\"name\":\"Liveaboard Red Sea\",\"item\":\"https:\/\/granddivers.sk\/en\/liveaboard-red-sea\/\"},{\"@type\":\"ListItem\",\"position\":3,\"name\":\"2026 Safari Dates and Routes\"}]},{\"@type\":\"WebSite\",\"@id\":\"https:\/\/granddivers.sk\/en\/#website\",\"url\":\"https:\/\/granddivers.sk\/en\/\",\"name\":\"GRAND DIVERS\",\"description\":\"Let's Dive!\",\"publisher\":{\"@id\":\"https:\/\/granddivers.sk\/en\/#organization\"},\"potentialAction\":[{\"@type\":\"SearchAction\",\"target\":{\"@type\":\"EntryPoint\",\"urlTemplate\":\"https:\/\/granddivers.sk\/en\/?s={search_term_string}\"},\"query-input\":{\"@type\":\"PropertyValueSpecification\",\"valueRequired\":true,\"valueName\":\"search_term_string\"}}],\"inLanguage\":\"en-US\"},{\"@type\":\"Organization\",\"@id\":\"https:\/\/granddivers.sk\/en\/#organization\",\"name\":\"GRAND DIVERS\",\"url\":\"https:\/\/granddivers.sk\/en\/\",\"logo\":{\"@type\":\"ImageObject\",\"inLanguage\":\"en-US\",\"@id\":\"https:\/\/granddivers.sk\/en\/#\/schema\/logo\/image\/\",\"url\":\"https:\/\/granddivers.sk\/wp-content\/uploads\/2025\/08\/logo_granddivers.svg\",\"contentUrl\":\"https:\/\/granddivers.sk\/wp-content\/uploads\/2025\/08\/logo_granddivers.svg\",\"width\":1260,\"height\":1262,\"caption\":\"GRAND DIVERS\"},\"image\":{\"@id\":\"https:\/\/granddivers.sk\/en\/#\/schema\/logo\/image\/\"},\"sameAs\":[\"https:\/\/www.facebook.com\/GrandDivers1\",\"https:\/\/www.instagram.com\/grand_divers\"]}]}<\/script>\n<!-- \/ Yoast SEO plugin. -->","yoast_head_json":{"title":"2026 Safari Dates and Routes &#8212; GRAND DIVERS","description":"Pick your date and liveaboard route in Egypt for 2026 and enjoy the Red Sea to the fullest with us! We depart from Hurghada or Port Ghalib","robots":{"index":"index","follow":"follow","max-snippet":"max-snippet:-1","max-image-preview":"max-image-preview:large","max-video-preview":"max-video-preview:-1"},"canonical":"https:\/\/granddivers.sk\/en\/liveaboard-red-sea\/2026-dates\/","og_locale":"en_US","og_type":"article","og_title":"2026 Safari Dates and Routes &#8212; GRAND DIVERS","og_description":"Pick your date and liveaboard route in Egypt for 2026 and enjoy the Red Sea to the fullest with us! We depart from Hurghada or Port Ghalib","og_url":"https:\/\/granddivers.sk\/en\/liveaboard-red-sea\/2026-dates\/","og_site_name":"GRAND DIVERS","article_publisher":"https:\/\/www.facebook.com\/GrandDivers1","article_modified_time":"2026-03-05T09:49:29+00:00","og_image":[{"width":612,"height":437,"url":"https:\/\/granddivers.sk\/wp-content\/uploads\/2025\/12\/grand-DIVERS-web.png","type":"image\/png"}],"twitter_card":"summary_large_image","twitter_misc":{"Est. reading time":"3 minutes"},"schema":{"@context":"https:\/\/schema.org","@graph":[{"@type":"WebPage","@id":"https:\/\/granddivers.sk\/en\/liveaboard-red-sea\/2026-dates\/","url":"https:\/\/granddivers.sk\/en\/liveaboard-red-sea\/2026-dates\/","name":"2026 Safari Dates and Routes &#8212; GRAND DIVERS","isPartOf":{"@id":"https:\/\/granddivers.sk\/en\/#website"},"datePublished":"2025-11-20T20:56:50+00:00","dateModified":"2026-03-05T09:49:29+00:00","description":"Pick your date and liveaboard route in Egypt for 2026 and enjoy the Red Sea to the fullest with us! We depart from Hurghada or Port Ghalib","breadcrumb":{"@id":"https:\/\/granddivers.sk\/en\/liveaboard-red-sea\/2026-dates\/#breadcrumb"},"inLanguage":"en-US","potentialAction":[{"@type":"ReadAction","target":["https:\/\/granddivers.sk\/en\/liveaboard-red-sea\/2026-dates\/"]}]},{"@type":"BreadcrumbList","@id":"https:\/\/granddivers.sk\/en\/liveaboard-red-sea\/2026-dates\/#breadcrumb","itemListElement":[{"@type":"ListItem","position":1,"name":"Domovsk\u00e1 str\u00e1nka","item":"https:\/\/granddivers.sk\/en\/"},{"@type":"ListItem","position":2,"name":"Liveaboard Red Sea","item":"https:\/\/granddivers.sk\/en\/liveaboard-red-sea\/"},{"@type":"ListItem","position":3,"name":"2026 Safari Dates and Routes"}]},{"@type":"WebSite","@id":"https:\/\/granddivers.sk\/en\/#website","url":"https:\/\/granddivers.sk\/en\/","name":"GRAND DIVERS","description":"Let's Dive!","publisher":{"@id":"https:\/\/granddivers.sk\/en\/#organization"},"potentialAction":[{"@type":"SearchAction","target":{"@type":"EntryPoint","urlTemplate":"https:\/\/granddivers.sk\/en\/?s={search_term_string}"},"query-input":{"@type":"PropertyValueSpecification","valueRequired":true,"valueName":"search_term_string"}}],"inLanguage":"en-US"},{"@type":"Organization","@id":"https:\/\/granddivers.sk\/en\/#organization","name":"GRAND DIVERS","url":"https:\/\/granddivers.sk\/en\/","logo":{"@type":"ImageObject","inLanguage":"en-US","@id":"https:\/\/granddivers.sk\/en\/#\/schema\/logo\/image\/","url":"https:\/\/granddivers.sk\/wp-content\/uploads\/2025\/08\/logo_granddivers.svg","contentUrl":"https:\/\/granddivers.sk\/wp-content\/uploads\/2025\/08\/logo_granddivers.svg","width":1260,"height":1262,"caption":"GRAND DIVERS"},"image":{"@id":"https:\/\/granddivers.sk\/en\/#\/schema\/logo\/image\/"},"sameAs":["https:\/\/www.facebook.com\/GrandDivers1","https:\/\/www.instagram.com\/grand_divers"]}]}},"_links":{"self":[{"href":"https:\/\/granddivers.sk\/en\/wp-json\/wp\/v2\/pages\/2721","targetHints":{"allow":["GET"]}}],"collection":[{"href":"https:\/\/granddivers.sk\/en\/wp-json\/wp\/v2\/pages"}],"about":[{"href":"https:\/\/granddivers.sk\/en\/wp-json\/wp\/v2\/types\/page"}],"author":[{"embeddable":true,"href":"https:\/\/granddivers.sk\/en\/wp-json\/wp\/v2\/users\/4"}],"replies":[{"embeddable":true,"href":"https:\/\/granddivers.sk\/en\/wp-json\/wp\/v2\/comments?post=2721"}],"version-history":[{"count":5,"href":"https:\/\/granddivers.sk\/en\/wp-json\/wp\/v2\/pages\/2721\/revisions"}],"predecessor-version":[{"id":3479,"href":"https:\/\/granddivers.sk\/en\/wp-json\/wp\/v2\/pages\/2721\/revisions\/3479"}],"up":[{"embeddable":true,"href":"https:\/\/granddivers.sk\/en\/wp-json\/wp\/v2\/pages\/2722"}],"wp:attachment":[{"href":"https:\/\/granddivers.sk\/en\/wp-json\/wp\/v2\/media?parent=2721"}],"curies":[{"name":"wp","href":"https:\/\/api.w.org\/{rel}","templated":true}]}}